{"id":25,"date":"2024-01-24T18:47:57","date_gmt":"2024-01-24T18:47:57","guid":{"rendered":"https:\/\/higienizacao.escolaonlineideal.com.br\/?page_id=25"},"modified":"2024-01-24T18:47:57","modified_gmt":"2024-01-24T18:47:57","slug":"aviso-legal-de-ganhos","status":"publish","type":"page","link":"https:\/\/higienizacao.escolaonlineideal.com.br\/index.php\/aviso-legal-de-ganhos\/","title":{"rendered":"Aviso Legal de Ganhos"},"content":{"rendered":"\n<p>Aviso Legal de Ganhos<\/p>\n\n\n\n<p>Sem proje\u00e7\u00f5es, promessas ou representa\u00e7\u00f5es de ganhos<\/p>\n\n\n\n<p>Voc\u00ea reconhece e concorda que n\u00e3o fizemos quaisquer implica\u00e7\u00f5es, garantias, promessas, sugest\u00f5es, proje\u00e7\u00f5es, representa\u00e7\u00f5es ou garantias a voc\u00ea sobre perspectivas futuras ou ganhos, ou que voc\u00ea ganhar\u00e1 dinheiro, com rela\u00e7\u00e3o \u00e0 compra de produtos do Higienizacao.escolaonlineideal.com.br e\/ou de outros servi\u00e7os, e que n\u00e3o autorizamos tal proje\u00e7\u00f5es, promessas ou representa\u00e7\u00f5es por outros.<\/p>\n\n\n\n<p>Quaisquer ganhos ou declara\u00e7\u00f5es de renda, ou quaisquer ganhos ou exemplos de renda, s\u00e3o apenas estimativas do que achamos que voc\u00ea poderia ganhar. N\u00e3o h\u00e1 garantia de que voc\u00ea vai ganhar, assim como indicado em qualquer exemplo. Se voc\u00ea confiar em qualquer dado fornecido, voc\u00ea deve aceitar todo o risco de n\u00e3o se sair t\u00e3o bem quanto as informa\u00e7\u00f5es fornecidas. Isso se aplica se os ganhos ou exemplos de renda s\u00e3o de natureza monet\u00e1ria ou pertencem a cr\u00e9ditos de publicidade que podem ser ganhos (se tais cr\u00e9ditos s\u00e3o convers\u00edveis em dinheiro ou n\u00e3o).<\/p>\n\n\n\n<p>N\u00e3o h\u00e1 garantia de que quaisquer sucessos anteriores ou resultados anteriores em rela\u00e7\u00e3o a ganhos ou rendimentos (sejam cr\u00e9ditos monet\u00e1rios ou de publicidade, sejam convers\u00edveis em dinheiro ou n\u00e3o) se apliquem, nem quaisquer sucessos anteriores possam ser usados, como uma indica\u00e7\u00e3o de seu sucesso ou resultados futuros, de qualquer informa\u00e7\u00e3o, conte\u00fado ou estrat\u00e9gias. Toda e qualquer reclama\u00e7\u00e3o ou representa\u00e7\u00e3o quanto a rendimentos ou ganhos (quer sejam cr\u00e9ditos monet\u00e1rios ou de publicidade, sejam eles convers\u00edveis em dinheiro ou n\u00e3o) n\u00e3o devem ser considerados como \u201cganhos m\u00e9dios\u201d.<\/p>\n\n\n\n<p>(i) A Economia. A economia, tanto em que voc\u00ea faz neg\u00f3cios quanto em escala nacional e at\u00e9 mundial, cria incertezas adicionais e riscos econ\u00f4micos. Uma recess\u00e3o econ\u00f4mica ou depress\u00e3o pode afetar negativamente os resultados produzidos por produtos e\/ou servi\u00e7os do Higienizacao.escolaonlineideal.com.br.<\/p>\n\n\n\n<p>(ii) Seu Sucesso ou Falta Dele. Seu sucesso em usar as informa\u00e7\u00f5es ou estrat\u00e9gias fornecidas em chapeiromestre.com.br depende de uma variedade de fatores. N\u00e3o temos como saber o qu\u00e3o bem voc\u00ea ser\u00e1, como n\u00e3o conhecemos voc\u00ea, seu hist\u00f3rico, sua \u00e9tica de trabalho, sua dedica\u00e7\u00e3o, sua motiva\u00e7\u00e3o, seu desejo ou suas habilidades ou pr\u00e1ticas de neg\u00f3cios. Portanto, n\u00e3o garantimos ou sugerimos que voc\u00ea ficar\u00e1 rico, que tamb\u00e9m o far\u00e1, ou que ter\u00e1 quaisquer ganhos (sejam cr\u00e9ditos monet\u00e1rios ou de publicidade, sejam convers\u00edveis em dinheiro ou n\u00e3o).<\/p>\n\n\n\n<p>As empresas de Internet e seus ganhos derivados envolvem riscos desconhecidos e n\u00e3o s\u00e3o adequados para todos. Voc\u00ea n\u00e3o pode confiar em qualquer informa\u00e7\u00e3o apresentada no site ou de outra forma fornecida por n\u00f3s, a menos que voc\u00ea o fa\u00e7a com o conhecimento e a compreens\u00e3o de que pode sofrer perdas significativas (incluindo, mas n\u00e3o se limitando a, a perda de dinheiro pago para comprar produtos e\/ou servi\u00e7os, e\/ou quaisquer quantias gastas na configura\u00e7\u00e3o, opera\u00e7\u00e3o e\/ou comercializa\u00e7\u00e3o de produtos e\/ou servi\u00e7os do Higienizacao.escolaonlineideal.com.br, e ainda, que voc\u00ea pode n\u00e3o ter ganhos (sejam monet\u00e1rios ou publicit\u00e1rios, seja convers\u00edvel em dinheiro ou n\u00e3o).<\/p>\n\n\n\n<p>(iii) Prospectivas de Declara\u00e7\u00f5es. OS MATERIAIS CONTIDOS NESTE SITE OU EM MATERIAIS ADQUIRIDOS E\/OU TRANSFERIDOS DESTE WEBSITE PODEM CONTER INFORMA\u00c7\u00d5ES QUE INCLUEM OU EST\u00c3O BASEADAS EM DECLARA\u00c7\u00d5ES PROSPECTIVAS DENTRO DO SIGNIFICADO DA LEI DE REFORMA DE LIT\u00cdGIO DE T\u00cdTULOS DE 1995. PROSPECTIVAS DE DECLARA\u00c7\u00d5ES D\u00c3O NOSSAS EXPECTATIVAS OU PREVIS\u00d5ES DE EVENTOS FUTUROS. VOC\u00ca PODE IDENTIFICAR ESTAS DECLARA\u00c7\u00d5ES PELO FATO DE QUE N\u00c3O SE RELACIONAM ESTRITAMENTE A FATOS HIST\u00d3RICOS OU ATUAIS. ELES usam palavras como \u201cantecipar\u201d, \u201cestimar\u201d, \u201cesperar\u201d, \u201cprojetar\u201d, \u201cpretender\u201d, \u201cplanejar\u201d, \u200b\u200b\u201cacreditar\u201d, e outras palavras e termos de significado semelhante em conex\u00e3o com uma DESCRI\u00c7\u00c3O DE RESULTADOS potenciais ou DESEMPENHO FINANCEIRO.<\/p>\n\n\n\n<p>TODA E QUALQUER prospectivas de declara\u00e7\u00f5es aqui, ou, em outros materiais contidos neste site ou em materiais adquiridos E\/OU TRANSFERIDOS DESTE SITE querem exprimir a nossa opini\u00e3o sobre potencial de ganhos. MUITOS FATORES ser\u00e3o importante na determina\u00e7\u00e3o de seus resultados reais e n\u00e3o h\u00e1 garantias que voc\u00ea vai conseguir resultados semelhantes aos nossos ou qualquer outra pessoa, na verdade, n\u00e3o h\u00e1 garantias que voc\u00ea vai conseguir QUALQUER resultados das nossas ideias e t\u00e9cnicas em nosso material.<\/p>\n\n\n\n<p>(iv) Dilig\u00eancia devida. Voc\u00ea \u00e9 aconselhado a fazer sua pr\u00f3pria dilig\u00eancia quando se trata de tomar decis\u00f5es de neg\u00f3cios e deve ter cautela e procurar o conselho de profissionais qualificados. Voc\u00ea deve verificar com seu contador, advogado ou consultor profissional, antes de agir sobre esta ou qualquer outra informa\u00e7\u00e3o. Voc\u00ea n\u00e3o pode considerar quaisquer exemplos, documentos ou outros conte\u00fados no site ou de outra forma fornecidos por n\u00f3s como sendo o equivalente a aconselhamento profissional. Nada contido no site ou em materiais dispon\u00edveis para venda ou download no site fornece aconselhamento profissional de qualquer forma. Voc\u00ea deve consultar seu pr\u00f3prio contador, advogado ou consultor profissional para quaisquer d\u00favidas que possa ter.<\/p>\n\n\n\n<p>N\u00e3o nos responsabilizamos por quaisquer perdas ou danos resultantes do uso de qualquer link, informa\u00e7\u00e3o ou oportunidade contida no site ou em qualquer informa\u00e7\u00e3o divulgada pelo propriet\u00e1rio deste site em qualquer forma.<\/p>\n\n\n\n<p>(v) Pre\u00e7o de Compra. Embora acreditemos que o pre\u00e7o seja justo pelo valor que voc\u00ea recebe, voc\u00ea entende e concorda que o pre\u00e7o de compra dos produtos e\/ou servi\u00e7os do Higienizacao.escolaonlineideal.com.br foi arbitrariamente estabelecido por n\u00f3s. Este pre\u00e7o n\u00e3o tem rela\u00e7\u00e3o com os padr\u00f5es objetivos.<\/p>\n\n\n\n<p><strong>AVISO IMPORTANTE SOBRE ESTA P\u00c1GINA<\/strong><\/p>\n\n\n\n<p>Este site n\u00e3o \u00e9 associado ao Facebook ou a qualquer entidade do Facebook. Depois que voc\u00ea sair do Facebook, a responsabilidade n\u00e3o \u00e9 deles e sim do nosso site. Fazemos todos os esfor\u00e7os para indicar claramente e mostrar os resultados do nosso site. N\u00f3s n\u00e3o vendemos o seu e-mail ou qualquer informa\u00e7\u00e3o para terceiros. Jamais fazemos nenhum tipo de spam. Se voc\u00ea tiver alguma d\u00favida, sinta-se \u00e0 vontade para usar o link de contato e falar conosco em hor\u00e1rio comercial de Segunda a Sexta das 09h00 \u00e1s 18h00. Lemos e respondemos todas as mensagens por ordem de chegada.<\/p>\n","protected":false},"excerpt":{"rendered":"<p>Aviso Legal de Ganhos Sem proje\u00e7\u00f5es, promessas ou representa\u00e7\u00f5es de ganhos Voc\u00ea reconhece e concorda que n\u00e3o fizemos quaisquer implica\u00e7\u00f5es, garantias, promessas, sugest\u00f5es, proje\u00e7\u00f5es, representa\u00e7\u00f5es ou garantias a voc\u00ea sobre perspectivas futuras ou ganhos, ou que voc\u00ea ganhar\u00e1 dinheiro, com rela\u00e7\u00e3o \u00e0 compra de produtos do Higienizacao.escolaonlineideal.com.br e\/ou de outros servi\u00e7os, e que n\u00e3o autorizamos [&hellip;]<\/p>\n","protected":false},"author":1,"featured_media":0,"parent":0,"menu_order":0,"comment_status":"closed","ping_status":"closed","template":"","meta":{"footnotes":""},"class_list":["post-25","page","type-page","status-publish","hentry"],"_links":{"self":[{"href":"https:\/\/higienizacao.escolaonlineideal.com.br\/index.php\/wp-json\/wp\/v2\/pages\/25","targetHints":{"allow":["GET"]}}],"collection":[{"href":"https:\/\/higienizacao.escolaonlineideal.com.br\/index.php\/wp-json\/wp\/v2\/pages"}],"about":[{"href":"https:\/\/higienizacao.escolaonlineideal.com.br\/index.php\/wp-json\/wp\/v2\/types\/page"}],"author":[{"embeddable":true,"href":"https:\/\/higienizacao.escolaonlineideal.com.br\/index.php\/wp-json\/wp\/v2\/users\/1"}],"replies":[{"embeddable":true,"href":"https:\/\/higienizacao.escolaonlineideal.com.br\/index.php\/wp-json\/wp\/v2\/comments?post=25"}],"version-history":[{"count":1,"href":"https:\/\/higienizacao.escolaonlineideal.com.br\/index.php\/wp-json\/wp\/v2\/pages\/25\/revisions"}],"predecessor-version":[{"id":26,"href":"https:\/\/higienizacao.escolaonlineideal.com.br\/index.php\/wp-json\/wp\/v2\/pages\/25\/revisions\/26"}],"wp:attachment":[{"href":"https:\/\/higienizacao.escolaonlineideal.com.br\/index.php\/wp-json\/wp\/v2\/media?parent=25"}],"curies":[{"name":"wp","href":"https:\/\/api.w.org\/{rel}","templated":true}]}}